{"id":1552,"date":"2025-06-26T16:20:58","date_gmt":"2025-06-26T16:20:58","guid":{"rendered":"https:\/\/zgmkamien.pl\/?page_id=1552"},"modified":"2025-06-30T14:48:05","modified_gmt":"2025-06-30T14:48:05","slug":"o-nas","status":"publish","type":"page","link":"https:\/\/zgmkamien.pl\/?page_id=1552","title":{"rendered":"O nas"},"content":{"rendered":"\t\t<div data-elementor-type=\"wp-page\" data-elementor-id=\"1552\" class=\"elementor elementor-1552\">\n\t\t\t\t<div class=\"elementor-element elementor-element-5b8053b e-flex e-con-boxed e-con e-parent\" data-id=\"5b8053b\" data-element_type=\"container\">\n\t\t\t\t\t<div class=\"e-con-inner\">\n\t\t\t\t\t<\/div>\n\t\t\t\t<\/div>\n\t\t<div class=\"elementor-element elementor-element-afec887 e-flex e-con-boxed e-con e-parent\" data-id=\"afec887\" data-element_type=\"container\" data-settings=\"{&quot;background_background&quot;:&quot;gradient&quot;}\">\n\t\t\t\t\t<div class=\"e-con-inner\">\n\t\t\t\t<div class=\"elementor-element elementor-element-6285fa0 elementor-widget elementor-widget-heading\" data-id=\"6285fa0\" data-element_type=\"widget\" data-widget_type=\"heading.default\">\n\t\t\t\t<div class=\"elementor-widget-container\">\n\t\t\t\t\t<h1 class=\"elementor-heading-title elementor-size-default\">O Nas<\/h1>\t\t\t\t<\/div>\n\t\t\t\t<\/div>\n\t\t\t\t\t<\/div>\n\t\t\t\t<\/div>\n\t\t<div class=\"elementor-element elementor-element-509c1f2 e-flex e-con-boxed e-con e-parent\" data-id=\"509c1f2\" data-element_type=\"container\" data-settings=\"{&quot;background_background&quot;:&quot;gradient&quot;}\">\n\t\t\t\t\t<div class=\"e-con-inner\">\n\t\t<div class=\"elementor-element elementor-element-c68a549 e-con-full e-flex e-con e-child\" data-id=\"c68a549\" data-element_type=\"container\" data-settings=\"{&quot;background_background&quot;:&quot;classic&quot;}\">\n\t\t\t\t<div class=\"elementor-element elementor-element-b919c4d elementor-widget elementor-widget-text-editor\" data-id=\"b919c4d\" data-element_type=\"widget\" data-widget_type=\"text-editor.default\">\n\t\t\t\t<div class=\"elementor-widget-container\">\n\t\t\t\t\t\t\t\t\t<p>\u00a0<\/p><p>G\u0142\u00f3wnym zadaniem firmy Zak\u0142ad Gospodarki Miszkaniowej Sp. z o.o. jest oferowanie profesjonalnych i rzetelnych us\u0142ug zarz\u0105dzania i administrowania nieruchomo\u015bciami.<\/p><p>Naszym celem jest zadowolenie klienta z us\u0142ug przez Nas \u015bwiadczonych.<br \/>Osoby tworz\u0105ce firm\u0119 posiadaj\u0105 wieloletnie do\u015bwiadczenie w zakresie zarz\u0105dzania i administrowania nieruchomo\u015bciami. Od prowadzonej dzia\u0142alno\u015bci posiadamy obowi\u0105zkowe ubezpieczenie OC.<\/p><p>Obecnie zarz\u0105dzamy 90 Wsp\u00f3lnotami Mieszkaniowymi na terenie Kamienia Pomorskiego i okolic. Ka\u017cda z naszych Wsp\u00f3lnot jest traktowana indywidualnie, a g\u0142\u00f3wnym celem, do kt\u00f3rego d\u0105\u017cymy w obs\u0142udze administracyjnej jest zapewnienie ich sprawnego funkcjonowania.<\/p>\t\t\t\t\t\t\t\t<\/div>\n\t\t\t\t<\/div>\n\t\t\t\t<\/div>\n\t\t<div class=\"elementor-element elementor-element-5637938 e-con-full e-flex e-con e-child\" data-id=\"5637938\" data-element_type=\"container\">\n\t\t<div class=\"elementor-element elementor-element-f54e60c e-con-full e-flex e-con e-child\" data-id=\"f54e60c\" data-element_type=\"container\" data-settings=\"{&quot;background_background&quot;:&quot;classic&quot;}\">\n\t\t<div class=\"elementor-element elementor-element-609c873 e-con-full e-flex e-con e-child\" data-id=\"609c873\" data-element_type=\"container\" data-settings=\"{&quot;background_background&quot;:&quot;classic&quot;}\">\n\t\t<div class=\"elementor-element elementor-element-c41a60c e-con-full e-flex e-con e-child\" data-id=\"c41a60c\" data-element_type=\"container\" data-settings=\"{&quot;background_background&quot;:&quot;classic&quot;}\">\n\t\t<div class=\"elementor-element elementor-element-2e8d42e e-con-full e-flex e-con e-child\" data-id=\"2e8d42e\" data-element_type=\"container\" data-settings=\"{&quot;background_background&quot;:&quot;classic&quot;}\">\n\t\t\t\t<div class=\"elementor-element elementor-element-1d85ced elementor-widget elementor-widget-heading\" data-id=\"1d85ced\" data-element_type=\"widget\" data-widget_type=\"heading.default\">\n\t\t\t\t<div class=\"elementor-widget-container\">\n\t\t\t\t\t<h3 class=\"elementor-heading-title elementor-size-default\">Zarz\u0105dzamy i administrujemy<\/h3>\t\t\t\t<\/div>\n\t\t\t\t<\/div>\n\t\t\t\t<\/div>\n\t\t\t\t<\/div>\n\t\t\t\t<div class=\"elementor-element elementor-element-d28a3f4 elementor-position-left elementor-vertical-align-middle elementor-widget elementor-widget-image-box\" data-id=\"d28a3f4\" data-element_type=\"widget\" data-widget_type=\"image-box.default\">\n\t\t\t\t<div class=\"elementor-widget-container\">\n\t\t\t\t\t<div class=\"elementor-image-box-wrapper\"><figure class=\"elementor-image-box-img\"><img decoding=\"async\" width=\"96\" height=\"90\" src=\"https:\/\/zgmkamien.pl\/wp-content\/uploads\/2025\/06\/budynki.png\" class=\"attachment-full size-full wp-image-1679\" alt=\"\" \/><\/figure><div class=\"elementor-image-box-content\"><p class=\"elementor-image-box-description\">budynkami mieszkalnymi i nieruchomo\u015bciami komercyjnymi<\/p><\/div><\/div>\t\t\t\t<\/div>\n\t\t\t\t<\/div>\n\t\t\t\t<div class=\"elementor-element elementor-element-99f8225 elementor-position-left elementor-vertical-align-middle elementor-widget elementor-widget-image-box\" data-id=\"99f8225\" data-element_type=\"widget\" data-widget_type=\"image-box.default\">\n\t\t\t\t<div class=\"elementor-widget-container\">\n\t\t\t\t\t<div class=\"elementor-image-box-wrapper\"><figure class=\"elementor-image-box-img\"><img decoding=\"async\" width=\"82\" height=\"90\" src=\"https:\/\/zgmkamien.pl\/wp-content\/uploads\/2025\/06\/lokalizacje.png\" class=\"attachment-full size-full wp-image-1680\" alt=\"\" \/><\/figure><div class=\"elementor-image-box-content\"><p class=\"elementor-image-box-description\">na terenie Kamienia Pomorskiego i miejscowo\u015bci nadmorskich<\/p><\/div><\/div>\t\t\t\t<\/div>\n\t\t\t\t<\/div>\n\t\t\t\t<div class=\"elementor-element elementor-element-d977c12 elementor-position-left elementor-vertical-align-middle elementor-widget elementor-widget-image-box\" data-id=\"d977c12\" data-element_type=\"widget\" data-widget_type=\"image-box.default\">\n\t\t\t\t<div class=\"elementor-widget-container\">\n\t\t\t\t\t<div class=\"elementor-image-box-wrapper\"><figure class=\"elementor-image-box-img\"><img decoding=\"async\" width=\"90\" height=\"90\" src=\"https:\/\/zgmkamien.pl\/wp-content\/uploads\/2025\/06\/rynek.png\" class=\"attachment-full size-full wp-image-1681\" alt=\"\" \/><\/figure><div class=\"elementor-image-box-content\"><p class=\"elementor-image-box-description\">na rynku od 1995<\/p><\/div><\/div>\t\t\t\t<\/div>\n\t\t\t\t<\/div>\n\t\t<div class=\"elementor-element elementor-element-c146410 e-grid e-con-full e-con e-child\" data-id=\"c146410\" data-element_type=\"container\" data-settings=\"{&quot;background_background&quot;:&quot;classic&quot;}\">\n\t\t\t\t<div class=\"elementor-element elementor-element-3c3e7c4 elementor-widget__width-initial elementor-widget elementor-widget-heading\" data-id=\"3c3e7c4\" data-element_type=\"widget\" data-widget_type=\"heading.default\">\n\t\t\t\t<div class=\"elementor-widget-container\">\n\t\t\t\t\t<h3 class=\"elementor-heading-title elementor-size-default\">Zapewniamy Pa\u0144stwu obs\u0142ug\u0119 w zakresie<\/h3>\t\t\t\t<\/div>\n\t\t\t\t<\/div>\n\t\t\t\t<div class=\"elementor-element elementor-element-f28cc01 elementor-position-left elementor-vertical-align-middle elementor-widget elementor-widget-image-box\" data-id=\"f28cc01\" data-element_type=\"widget\" data-widget_type=\"image-box.default\">\n\t\t\t\t<div class=\"elementor-widget-container\">\n\t\t\t\t\t<div class=\"elementor-image-box-wrapper\"><figure class=\"elementor-image-box-img\"><img loading=\"lazy\" decoding=\"async\" width=\"83\" height=\"81\" src=\"https:\/\/zgmkamien.pl\/wp-content\/uploads\/2025\/06\/administracja.png\" class=\"attachment-large size-large wp-image-1696\" alt=\"\" \/><\/figure><div class=\"elementor-image-box-content\"><p class=\"elementor-image-box-description\">administracji<\/p><\/div><\/div>\t\t\t\t<\/div>\n\t\t\t\t<\/div>\n\t\t\t\t<div class=\"elementor-element elementor-element-c1743c1 elementor-position-left elementor-vertical-align-middle elementor-widget elementor-widget-image-box\" data-id=\"c1743c1\" data-element_type=\"widget\" data-widget_type=\"image-box.default\">\n\t\t\t\t<div class=\"elementor-widget-container\">\n\t\t\t\t\t<div class=\"elementor-image-box-wrapper\"><figure class=\"elementor-image-box-img\"><img loading=\"lazy\" decoding=\"async\" width=\"83\" height=\"83\" src=\"https:\/\/zgmkamien.pl\/wp-content\/uploads\/2025\/06\/obsluga.png\" class=\"attachment-full size-full wp-image-1697\" alt=\"\" \/><\/figure><div class=\"elementor-image-box-content\"><p class=\"elementor-image-box-description\">obs\u0142ugi technicznej<\/p><\/div><\/div>\t\t\t\t<\/div>\n\t\t\t\t<\/div>\n\t\t\t\t<div class=\"elementor-element elementor-element-f83eb59 elementor-position-left elementor-vertical-align-middle elementor-widget elementor-widget-image-box\" data-id=\"f83eb59\" data-element_type=\"widget\" data-widget_type=\"image-box.default\">\n\t\t\t\t<div class=\"elementor-widget-container\">\n\t\t\t\t\t<div class=\"elementor-image-box-wrapper\"><figure class=\"elementor-image-box-img\"><img loading=\"lazy\" decoding=\"async\" width=\"83\" height=\"83\" src=\"https:\/\/zgmkamien.pl\/wp-content\/uploads\/2025\/06\/rozliczenia.png\" class=\"attachment-full size-full wp-image-1698\" alt=\"\" \/><\/figure><div class=\"elementor-image-box-content\"><p class=\"elementor-image-box-description\">rozlicze\u0144 czynszowych<\/p><\/div><\/div>\t\t\t\t<\/div>\n\t\t\t\t<\/div>\n\t\t\t\t<div class=\"elementor-element elementor-element-3a20300 elementor-position-left elementor-vertical-align-middle elementor-widget elementor-widget-image-box\" data-id=\"3a20300\" data-element_type=\"widget\" data-widget_type=\"image-box.default\">\n\t\t\t\t<div class=\"elementor-widget-container\">\n\t\t\t\t\t<div class=\"elementor-image-box-wrapper\"><figure class=\"elementor-image-box-img\"><img loading=\"lazy\" decoding=\"async\" width=\"83\" height=\"82\" src=\"https:\/\/zgmkamien.pl\/wp-content\/uploads\/2025\/06\/pelna.png\" class=\"attachment-full size-full wp-image-1699\" alt=\"\" \/><\/figure><div class=\"elementor-image-box-content\"><p class=\"elementor-image-box-description\">pe\u0142nej obs\u0142ugi rachunkowo ksi\u0119gowej<\/p><\/div><\/div>\t\t\t\t<\/div>\n\t\t\t\t<\/div>\n\t\t\t\t<\/div>\n\t\t\t\t<\/div>\n\t\t\t\t<\/div>\n\t\t\t\t<\/div>\n\t\t\t\t\t<\/div>\n\t\t\t\t<\/div>\n\t\t<div class=\"elementor-element elementor-element-f61aea2 e-flex e-con-boxed e-con e-parent\" data-id=\"f61aea2\" data-element_type=\"container\">\n\t\t\t\t\t<div class=\"e-con-inner\">\n\t\t\t\t\t<\/div>\n\t\t\t\t<\/div>\n\t\t\t\t<\/div>\n\t\t","protected":false},"excerpt":{"rendered":"<p>O Nas \u00a0 G\u0142\u00f3wnym zadaniem firmy Zak\u0142ad Gospodarki Miszkaniowej Sp. z o.o. jest oferowanie profesjonalnych i rzetelnych us\u0142ug zarz\u0105dzania i [&hellip;]<\/p>\n","protected":false},"author":2,"featured_media":0,"parent":0,"menu_order":0,"comment_status":"closed","ping_status":"closed","template":"","meta":{"site-sidebar-layout":"no-sidebar","site-content-layout":"","ast-site-content-layout":"full-width-container","site-content-style":"default","site-sidebar-style":"default","ast-global-header-display":"","ast-banner-title-visibility":"","ast-main-header-display":"","ast-hfb-above-header-display":"","ast-hfb-below-header-display":"","ast-hfb-mobile-header-display":"","site-post-title":"disabled","ast-breadcrumbs-content":"","ast-featured-img":"disabled","footer-sml-layout":"","theme-transparent-header-meta":"default","adv-header-id-meta":"","stick-header-meta":"","header-above-stick-meta":"","header-main-stick-meta":"","header-below-stick-meta":"","astra-migrate-meta-layouts":"default","ast-page-background-enabled":"default","ast-page-background-meta":{"desktop":{"background-color":"var(--ast-global-color-5)","background-image":"","background-repeat":"repeat","background-position":"center center","background-size":"auto","background-attachment":"scroll","background-type":"","background-media":"","overlay-type":"","overlay-color":"","overlay-opacity":"","overlay-gradient":""},"tablet":{"background-color":"","background-image":"","background-repeat":"repeat","background-position":"center center","background-size":"auto","background-attachment":"scroll","background-type":"","background-media":"","overlay-type":"","overlay-color":"","overlay-opacity":"","overlay-gradient":""},"mobile":{"background-color":"","background-image":"","background-repeat":"repeat","background-position":"center center","background-size":"auto","background-attachment":"scroll","background-type":"","background-media":"","overlay-type":"","overlay-color":"","overlay-opacity":"","overlay-gradient":""}},"ast-content-background-meta":{"desktop":{"background-color":"var(--ast-global-color-4)","background-image":"","background-repeat":"repeat","background-position":"center center","background-size":"auto","background-attachment":"scroll","background-type":"","background-media":"","overlay-type":"","overlay-color":"","overlay-opacity":"","overlay-gradient":""},"tablet":{"background-color":"var(--ast-global-color-4)","background-image":"","background-repeat":"repeat","background-position":"center center","background-size":"auto","background-attachment":"scroll","background-type":"","background-media":"","overlay-type":"","overlay-color":"","overlay-opacity":"","overlay-gradient":""},"mobile":{"background-color":"var(--ast-global-color-4)","background-image":"","background-repeat":"repeat","background-position":"center center","background-size":"auto","background-attachment":"scroll","background-type":"","background-media":"","overlay-type":"","overlay-color":"","overlay-opacity":"","overlay-gradient":""}},"footnotes":""},"class_list":["post-1552","page","type-page","status-publish","hentry"],"_links":{"self":[{"href":"https:\/\/zgmkamien.pl\/index.php?rest_route=\/wp\/v2\/pages\/1552","targetHints":{"allow":["GET"]}}],"collection":[{"href":"https:\/\/zgmkamien.pl\/index.php?rest_route=\/wp\/v2\/pages"}],"about":[{"href":"https:\/\/zgmkamien.pl\/index.php?rest_route=\/wp\/v2\/types\/page"}],"author":[{"embeddable":true,"href":"https:\/\/zgmkamien.pl\/index.php?rest_route=\/wp\/v2\/users\/2"}],"replies":[{"embeddable":true,"href":"https:\/\/zgmkamien.pl\/index.php?rest_route=%2Fwp%2Fv2%2Fcomments&post=1552"}],"version-history":[{"count":127,"href":"https:\/\/zgmkamien.pl\/index.php?rest_route=\/wp\/v2\/pages\/1552\/revisions"}],"predecessor-version":[{"id":2082,"href":"https:\/\/zgmkamien.pl\/index.php?rest_route=\/wp\/v2\/pages\/1552\/revisions\/2082"}],"wp:attachment":[{"href":"https:\/\/zgmkamien.pl\/index.php?rest_route=%2Fwp%2Fv2%2Fmedia&parent=1552"}],"curies":[{"name":"wp","href":"https:\/\/api.w.org\/{rel}","templated":true}]}}