{"id":3,"date":"2025-06-26T11:02:39","date_gmt":"2025-06-26T11:02:39","guid":{"rendered":"http:\/\/zgmkamien.pl\/?page_id=3"},"modified":"2025-06-30T19:20:02","modified_gmt":"2025-06-30T19:20:02","slug":"privacy-policy","status":"publish","type":"page","link":"https:\/\/zgmkamien.pl\/?page_id=3","title":{"rendered":"Polityka prywatno\u015bci"},"content":{"rendered":"\t\t<div data-elementor-type=\"wp-page\" data-elementor-id=\"3\" class=\"elementor elementor-3\">\n\t\t\t\t<div class=\"elementor-element elementor-element-d6182a7 e-flex e-con-boxed e-con e-parent\" data-id=\"d6182a7\" data-element_type=\"container\">\n\t\t\t\t\t<div class=\"e-con-inner\">\n\t\t\t\t\t<\/div>\n\t\t\t\t<\/div>\n\t\t<div class=\"elementor-element elementor-element-61f1f100 e-flex e-con-boxed e-con e-parent\" data-id=\"61f1f100\" data-element_type=\"container\" data-settings=\"{&quot;background_background&quot;:&quot;classic&quot;}\">\n\t\t\t\t\t<div class=\"e-con-inner\">\n\t\t\t\t<div class=\"elementor-element elementor-element-15539076 elementor-widget elementor-widget-text-editor\" data-id=\"15539076\" data-element_type=\"widget\" data-widget_type=\"text-editor.default\">\n\t\t\t\t<div class=\"elementor-widget-container\">\n\t\t\t\t\t\t\t\t\t\n<div id=\"content\" class=\"site-content\">\n<div id=\"primary\" class=\"content-area\"><main id=\"main\" class=\"site-main\" role=\"main\">\n<article id=\"post-329\" class=\"post-329 page type-page status-publish hentry\"><header class=\"entry-header\">\n<h1 class=\"entry-title wp-block-heading\">Polityka prywatno\u015bci.<\/h1>\n<\/header>\n<div class=\"entry-content post-content\">\n<p><strong>KLAUZULA INFORMACYJNA O PRZETWARZANIU DANYCH OSOBOWYCH<\/strong><\/p>\n<p>Zgodnie z art. 13 ust. 1 i ust. 2 rozporz\u0105dzenia Parlamentu Europejskiego i Rady (UE)<br \/>2016\/679 z dnia 27 kwietnia 2016 r. w sprawie ochrony os\u00f3b fizycznych w zwi\u0105zku<br \/>z\u00a0przetwarzaniem\u00a0danych osobowych\u00a0i w sprawie swobodnego przep\u0142ywu takich danych oraz<br \/>uchylenia dyrektywy 95\/46\/WE (GDPR\u2013 General Data Protection Regulation\u2013tekst<br \/>opublikowany w Dzienniku UE) zwanym dalej RODO informuj\u0119, i\u017c:<\/p>\n<p>\u2022 Administrator<br \/>Administratorem Pa\u0144stwa danych osobowych jest Zak\u0142ad Gospodarki Mieszkaniowej Sp.<br \/>z o.o. w Kamieniu Pomorskim, ul. Mickiewicza 16\/4<\/p>\n<p>\u2022 Cel przetwarzania<br \/>Pa\u0144stwa dane osobowe przetwarzane b\u0119d\u0105 w celu realizacji umowy zawartej pomi\u0119dzy<br \/>Pa\u0144stwem a Administratorem b\u0105d\u017a wykonania zlecenia.<\/p>\n<p>\u2022 Odbiorcy<br \/>Odbiorcami Pa\u0144stwa danych osobowych b\u0119d\u0105 wy\u0142\u0105cznie podmioty uprawnione do<br \/>uzyskania danych osobowych na podstawie obowi\u0105zuj\u0105cych przepis\u00f3w prawa b\u0105d\u017a<br \/>podmioty uczestnicz\u0105ce w realizacji umowy\/zlecenia.<\/p>\n<p>\u2022 Okres przechowywania danych<br \/>Pa\u0144stwa dane osobowe wynikaj\u0105ce z umowy\/zlecenia przetwarzane b\u0119d\u0105 przez okres<br \/>niezb\u0119dny do realizacji danej umowy\/zlecenia, a tak\u017ce przez okres w kt\u00f3rym mog\u0105<br \/>ujawni\u0107 si\u0119 rozszerzenia zwi\u0105zane z t\u0105 umow\u0105\/zleceniem. Ponadto ci\u0105\u017cy na nas<br \/>obowi\u0105zek przechowywania przez 6 lat informacji dla cel\u00f3w sprawozdawczo\u015bci<br \/>finansowej.<\/p>\n<p>\u2022 Przys\u0142uguj\u0105ce Pa\u0144stwu prawa<br \/>Zgodnie z zapisami RODO, przys\u0142uguje Pa\u0144stwu prawo do:<\/p>\n<p>\u2022 Dost\u0119pu do swoich danych.<br \/>\u2022 Sprostowania (poprawienia) swoich danych.<br \/>\u2022 Usuni\u0119cia danych, b\u0105d\u017a ograniczenia ich przetwarzania.<br \/>\u2022 Przenoszenia danych.<br \/>\u2022 Wniesienia skargi do organu nadzorczego.<\/p>\n<p>Podanie danych osobowych jest dobrowolne, jednak\u017ce odmowa ich podania<br \/>skutkowa\u0107 mo\u017ce\u00a0brakiem mo\u017cliwo\u015bci zawarcia umowy.<\/p>\n<p><strong>Pani\/Pana dane nie b\u0119d\u0105 przetwarzane w spos\u00f3b zautomatyzowany, w tym<\/strong><br \/><strong>r\u00f3wnie\u017c w formie profilowania.<\/strong><\/p>\n<\/div>\n<\/article>\n<\/main><\/div>\n<\/div>\n<aside id=\"footer-widget-area\" class=\"widget-area footer-widgets\" role=\"complementary\">\n<div class=\"footer-widget-area__wrap\">\n<section id=\"text-10\" class=\"widget widget_text\">\n<div class=\"textwidget\">\u00a0<\/div>\n<\/section>\n<section id=\"text-5\" class=\"widget widget_text\"><\/section>\n<section id=\"text-7\" class=\"widget widget_text\">\n<section id=\"text-5\" class=\"widget widget_text\">\n<h2 class=\"widget-title\">ZAK\u0141AD GOSPODARKI MIESZKANIOWEJ SP. Z O.O.<\/h2>\n<div class=\"textwidget\">\u00a0<\/div>\n<\/section>\n<section id=\"text-7\" class=\"widget widget_text\">\n<h2 class=\"widget-title\">Adres<\/h2>\n<\/section>\n<div class=\"textwidget\">\n<p>Ul. Mickiewicza 16, lokal 4,<\/p>\n<p>72-400 Kamie\u0144 Pomorski<\/p>\n<p>tel.\u00a0<strong>91 32 17 357<\/strong><br \/>tel. alarmowy\u00a0<strong>570 777 227<\/strong><\/p>\n<\/div>\n<\/section>\n<\/div>\n<\/aside>\n\t\t\t\t\t\t\t\t<\/div>\n\t\t\t\t<\/div>\n\t\t\t\t\t<\/div>\n\t\t\t\t<\/div>\n\t\t\t\t<\/div>\n\t\t","protected":false},"excerpt":{"rendered":"<p>Polityka prywatno\u015bci. KLAUZULA INFORMACYJNA O PRZETWARZANIU DANYCH OSOBOWYCH Zgodnie z art. 13 ust. 1 i ust. 2 rozporz\u0105dzenia Parlamentu Europejskiego [&hellip;]<\/p>\n","protected":false},"author":1,"featured_media":0,"parent":0,"menu_order":0,"comment_status":"closed","ping_status":"open","template":"","meta":{"site-sidebar-layout":"default","site-content-layout":"","ast-site-content-layout":"default","site-content-style":"default","site-sidebar-style":"default","ast-global-header-display":"","ast-banner-title-visibility":"","ast-main-header-display":"","ast-hfb-above-header-display":"","ast-hfb-below-header-display":"","ast-hfb-mobile-header-display":"","site-post-title":"disabled","ast-breadcrumbs-content":"","ast-featured-img":"","footer-sml-layout":"","theme-transparent-header-meta":"","adv-header-id-meta":"","stick-header-meta":"","header-above-stick-meta":"","header-main-stick-meta":"","header-below-stick-meta":"","astra-migrate-meta-layouts":"default","ast-page-background-enabled":"default","ast-page-background-meta":{"desktop":{"background-color":"var(--ast-global-color-5)","background-image":"","background-repeat":"repeat","background-position":"center center","background-size":"auto","background-attachment":"scroll","background-type":"","background-media":"","overlay-type":"","overlay-color":"","overlay-opacity":"","overlay-gradient":""},"tablet":{"background-color":"","background-image":"","background-repeat":"repeat","background-position":"center center","background-size":"auto","background-attachment":"scroll","background-type":"","background-media":"","overlay-type":"","overlay-color":"","overlay-opacity":"","overlay-gradient":""},"mobile":{"background-color":"","background-image":"","background-repeat":"repeat","background-position":"center center","background-size":"auto","background-attachment":"scroll","background-type":"","background-media":"","overlay-type":"","overlay-color":"","overlay-opacity":"","overlay-gradient":""}},"ast-content-background-meta":{"desktop":{"background-color":"var(--ast-global-color-4)","background-image":"","background-repeat":"repeat","background-position":"center center","background-size":"auto","background-attachment":"scroll","background-type":"","background-media":"","overlay-type":"","overlay-color":"","overlay-opacity":"","overlay-gradient":""},"tablet":{"background-color":"var(--ast-global-color-4)","background-image":"","background-repeat":"repeat","background-position":"center center","background-size":"auto","background-attachment":"scroll","background-type":"","background-media":"","overlay-type":"","overlay-color":"","overlay-opacity":"","overlay-gradient":""},"mobile":{"background-color":"var(--ast-global-color-4)","background-image":"","background-repeat":"repeat","background-position":"center center","background-size":"auto","background-attachment":"scroll","background-type":"","background-media":"","overlay-type":"","overlay-color":"","overlay-opacity":"","overlay-gradient":""}},"footnotes":""},"class_list":["post-3","page","type-page","status-publish","hentry"],"_links":{"self":[{"href":"https:\/\/zgmkamien.pl\/index.php?rest_route=\/wp\/v2\/pages\/3","targetHints":{"allow":["GET"]}}],"collection":[{"href":"https:\/\/zgmkamien.pl\/index.php?rest_route=\/wp\/v2\/pages"}],"about":[{"href":"https:\/\/zgmkamien.pl\/index.php?rest_route=\/wp\/v2\/types\/page"}],"author":[{"embeddable":true,"href":"https:\/\/zgmkamien.pl\/index.php?rest_route=\/wp\/v2\/users\/1"}],"replies":[{"embeddable":true,"href":"https:\/\/zgmkamien.pl\/index.php?rest_route=%2Fwp%2Fv2%2Fcomments&post=3"}],"version-history":[{"count":21,"href":"https:\/\/zgmkamien.pl\/index.php?rest_route=\/wp\/v2\/pages\/3\/revisions"}],"predecessor-version":[{"id":2102,"href":"https:\/\/zgmkamien.pl\/index.php?rest_route=\/wp\/v2\/pages\/3\/revisions\/2102"}],"wp:attachment":[{"href":"https:\/\/zgmkamien.pl\/index.php?rest_route=%2Fwp%2Fv2%2Fmedia&parent=3"}],"curies":[{"name":"wp","href":"https:\/\/api.w.org\/{rel}","templated":true}]}}